{"id":11743,"date":"2015-02-17T12:26:31","date_gmt":"2015-02-17T17:26:31","guid":{"rendered":"http:\/\/petrotech-ecuador.com\/en\/certificaciones-y-representaciones\/"},"modified":"2015-11-06T16:45:38","modified_gmt":"2015-11-06T21:45:38","slug":"representations-and-certifications","status":"publish","type":"page","link":"https:\/\/petrotech-ecuador.com\/en\/representations-and-certifications\/","title":{"rendered":"Representations &#038; Certifications"},"content":{"rendered":"<div class=\"fusion-fullwidth fullwidth-box fusion-fullwidth-1  fusion-parallax-none nonhundred-percent-fullwidth\" style=\"border-color:#e5e4e4;border-bottom-width: 0px;border-top-width: 0px;border-bottom-style: solid;border-top-style: solid;padding-bottom:0px;padding-top:35px;padding-left:0px;padding-right:0px;background-color:#fff;\"><style type=\"text\/css\" scoped=\"scoped\">.fusion-fullwidth-1 {\n                            padding-left: 0px !important;\n                            padding-right: 0px !important;\n                        }<\/style><div class=\"fusion-row\"><div class=\"fusion-menu-anchor\" id=\"representaciones\"><\/div><h1 style=\"text-align: center; font-size: 30px !important;\">Representations<\/h1>\n<p style=\"text-align: center;\">Petrotech Group is currently the representative of brands and major companies in the oil sector and they are:<\/p>\n<div class=\"fusion-sep-clear\"><\/div><div class=\"fusion-separator fusion-full-width-sep sep-double\" style=\"border-color:#e0dede;border-top-width:1px;border-bottom-width:1px;margin-left: auto;margin-right: auto;margin-top:10px;margin-bottom:50px;\"><\/div><div class=\"fusion-one-third fusion-layout-column fusion-spacing-yes\" style=\"margin-top:0px;margin-bottom:20px;\"><div class=\"fusion-column-wrapper\"><div class=\"imageframe-align-center\"><span style=\"-moz-box-shadow: 0 0 3px rgba(0,0,0,.3);-webkit-box-shadow: 0 0 3px rgba(0,0,0,.3);box-shadow: 0 0 3px rgba(0,0,0,.3);\" class=\"fusion-imageframe imageframe-glow imageframe-1 hover-type-none\"><a class=\"fusion-no-lightbox\" href=\"http:\/\/www.odessapumps.com\/index.php\" target=\"_blank\"> <img src=\"http:\/\/petrotech-ecuador.com\/wp-content\/uploads\/2015\/02\/odessa.png\" alt=\"Odessa Pumps\" class=\"img-responsive\"width=\"360\" height=\"217\"\/><\/a><\/span><\/div><div class=\"fusion-sep-clear\"><\/div><div class=\"fusion-separator fusion-full-width-sep sep-none\" style=\"border-color:#e0dede;margin-left: auto;margin-right: auto;margin-top:10px;margin-bottom:10px;\"><\/div><h3 style=\"text-align: center;\">Odessa Pumps (Wheatley, Gaso, Paco &amp; Texsteam; Hydril , Murphy &amp;\u00a0John Crane)<\/h3>\n<div class=\"fusion-clearfix\"><\/div><\/div><\/div><div class=\"fusion-one-third fusion-layout-column fusion-spacing-yes\" style=\"margin-top:0px;margin-bottom:20px;\"><div class=\"fusion-column-wrapper\"><div class=\"imageframe-align-center\"><span style=\"-moz-box-shadow: 0 0 3px rgba(0,0,0,.3);-webkit-box-shadow: 0 0 3px rgba(0,0,0,.3);box-shadow: 0 0 3px rgba(0,0,0,.3);\" class=\"fusion-imageframe imageframe-glow imageframe-2 hover-type-none\"><a class=\"fusion-no-lightbox\" href=\"http:\/\/www.tectool.co\/\" target=\"_blank\"> <img src=\"http:\/\/petrotech-ecuador.com\/wp-content\/uploads\/2015\/02\/techtool.png\" alt=\"Techtool International\" class=\"img-responsive\"width=\"360\" height=\"217\"\/><\/a><\/span><\/div><div class=\"fusion-sep-clear\"><\/div><div class=\"fusion-separator fusion-full-width-sep sep-none\" style=\"border-color:#e0dede;margin-left: auto;margin-right: auto;margin-top:10px;margin-bottom:10px;\"><\/div><h3 style=\"text-align: center;\">Techtool International (Equipment and parts of well completion)<\/h3>\n<div class=\"fusion-clearfix\"><\/div><\/div><\/div><div class=\"fusion-one-third fusion-layout-column fusion-column-last fusion-spacing-yes\" style=\"margin-top:0px;margin-bottom:20px;\"><div class=\"fusion-column-wrapper\"><div class=\"imageframe-align-center\"><span style=\"-moz-box-shadow: 0 0 3px rgba(0,0,0,.3);-webkit-box-shadow: 0 0 3px rgba(0,0,0,.3);box-shadow: 0 0 3px rgba(0,0,0,.3);\" class=\"fusion-imageframe imageframe-glow imageframe-3 hover-type-none\"><a class=\"fusion-no-lightbox\" href=\"http:\/\/www.dloiltools.com\/?gclid=CJGwtrrh6cMCFdgRgQodAXwA5Q\" target=\"_blank\"> <img src=\"http:\/\/petrotech-ecuador.com\/wp-content\/uploads\/2015\/02\/dlOil.png\" alt=\"D&amp;L Oil Tools\" class=\"img-responsive\"width=\"360\" height=\"217\"\/><\/a><\/span><\/div><div class=\"fusion-sep-clear\"><\/div><div class=\"fusion-separator fusion-full-width-sep sep-none\" style=\"border-color:#e0dede;margin-left: auto;margin-right: auto;margin-top:10px;margin-bottom:10px;\"><\/div><h3 style=\"text-align: center;\">D&amp;L Tools (Equipment and parts of well completion)<\/h3>\n<div class=\"fusion-clearfix\"><\/div><\/div><\/div><div class=\"fusion-clearfix\"><\/div><\/div><\/div><div class=\"fusion-fullwidth fullwidth-box fusion-fullwidth-2  fusion-parallax-none nonhundred-percent-fullwidth\" style=\"border-color:#e5e4e4;border-bottom-width: 1px;border-top-width: 1px;border-bottom-style: solid;border-top-style: solid;padding-bottom:0px;padding-top:45px;padding-left:0px;padding-right:0px;background-color:#f8f8f8;\"><style type=\"text\/css\" scoped=\"scoped\">.fusion-fullwidth-2 {\n                            padding-left: 0px !important;\n                            padding-right: 0px !important;\n                        }<\/style><div class=\"fusion-row\"><div class=\"fusion-menu-anchor\" id=\"certificaciones\"><\/div><h1 style=\"text-align: center;\">Certifications<\/h1>\n<h3>One of the objectives of Petrotech Group is having certifications that validate their work in the oil industry, both in terms of quality, occupational safety and the environment, thus validating their social, environmental and labor responsibility.<\/h3>\n<h3>So it has the following certifications:<\/h3>\n<div class=\"fusion-sep-clear\"><\/div><div class=\"fusion-separator fusion-full-width-sep sep-none\" style=\"border-color:#e0dede;margin-left: auto;margin-right: auto;margin-top:15px;\"><\/div><div class=\"fusion-one-third fusion-layout-column fusion-spacing-yes\" style=\"margin-top:0px;margin-bottom:20px;\"><div class=\"fusion-column-wrapper\" style=\"border:0px solid #afafaf;\"><div class=\"fusion-title title fusion-title-size-two\" style=\"margin-top:0px;margin-bottom:31px;\"><h2 class=\"title-heading-left\"><strong><span style=\"color: #ff6600;\">ISO 9001<\/span><\/strong><\/h2><div class=\"title-sep-container\"><div class=\"title-sep sep-single\"><\/div><\/div><\/div><p><img loading=\"lazy\" class=\"size-full wp-image-11386\" src=\"http:\/\/petrotech-ecuador.com\/wp-content\/uploads\/2015\/02\/iso9001.png\" alt=\"iso9001\" width=\"494\" height=\"285\" srcset=\"https:\/\/petrotech-ecuador.com\/wp-content\/uploads\/2015\/02\/iso9001-300x173.png 300w, https:\/\/petrotech-ecuador.com\/wp-content\/uploads\/2015\/02\/iso9001.png 494w\" sizes=\"(max-width: 494px) 100vw, 494px\" \/><\/p>\n<p>La ISO 9001 es una norma internacional y la base del sistema de gesti\u00f3n de la calidad,\u00a0se centra en todos los elementos de administraci\u00f3n de calidad con los que la\u00a0empresa debe contar para tener un sistema efectivo que le permita administrar y mejorar la calidad de sus servicios.<\/p>\n<div class=\"fusion-clearfix\"><\/div><\/div><\/div><div class=\"fusion-one-third fusion-layout-column fusion-spacing-yes\" style=\"margin-top:0px;margin-bottom:20px;\"><div class=\"fusion-column-wrapper\" style=\"border:0px solid #afafaf;\"><div class=\"fusion-title title fusion-title-size-two\" style=\"margin-top:0px;margin-bottom:31px;\"><h2 class=\"title-heading-left\"><strong><span style=\"color: #ff6600;\">ISO 14001<\/span><\/strong><\/h2><div class=\"title-sep-container\"><div class=\"title-sep sep-single\"><\/div><\/div><\/div><p><img loading=\"lazy\" class=\"size-full wp-image-11387\" src=\"http:\/\/petrotech-ecuador.com\/wp-content\/uploads\/2015\/02\/iso14001.png\" alt=\"iso14001\" width=\"494\" height=\"285\" srcset=\"https:\/\/petrotech-ecuador.com\/wp-content\/uploads\/2015\/02\/iso14001-300x173.png 300w, https:\/\/petrotech-ecuador.com\/wp-content\/uploads\/2015\/02\/iso14001.png 494w\" sizes=\"(max-width: 494px) 100vw, 494px\" \/><\/p>\n<p>La norma ISO 14001 es una norma internacionalmente aceptada que expresa c\u00f3mo establecer un Sistema de Gesti\u00f3n Ambiental (SGA) efectivo. La norma est\u00e1 dise\u00f1ada para conseguir un equilibrio entre el mantenimiento de la rentabilidad y la reducci\u00f3n del impacto en el ambiente.<\/p>\n<div class=\"fusion-clearfix\"><\/div><\/div><\/div><div class=\"fusion-one-third fusion-layout-column fusion-column-last fusion-spacing-yes\" style=\"margin-top:0px;margin-bottom:20px;\"><div class=\"fusion-column-wrapper\" style=\"border:0px solid #afafaf;\"><div class=\"fusion-title title fusion-title-size-two\" style=\"margin-top:0px;margin-bottom:31px;\"><h2 class=\"title-heading-left\"><strong><span style=\"color: #ff6600;\">OHSAS 18001<\/span><\/strong><\/h2><div class=\"title-sep-container\"><div class=\"title-sep sep-single\"><\/div><\/div><\/div><p><img loading=\"lazy\" class=\"size-full wp-image-11388\" src=\"http:\/\/petrotech-ecuador.com\/wp-content\/uploads\/2015\/02\/Ohsas18001.png\" alt=\"Ohsas18001\" width=\"494\" height=\"285\" srcset=\"https:\/\/petrotech-ecuador.com\/wp-content\/uploads\/2015\/02\/Ohsas18001-300x173.png 300w, https:\/\/petrotech-ecuador.com\/wp-content\/uploads\/2015\/02\/Ohsas18001.png 494w\" sizes=\"(max-width: 494px) 100vw, 494px\" \/><\/p>\n<p>La norma OHSAS 18001 establece los requisitos m\u00ednimos de las mejores pr\u00e1cticas en gesti\u00f3n de Seguridad y Salud en el Trabajo. Buscar crear las mejores condiciones de trabajo posibles en la\u00a0organizaci\u00f3n, identificar riesgos y establecer controles para gestionarlos.<\/p>\n<div class=\"fusion-clearfix\"><\/div><\/div><\/div><div class=\"fusion-clearfix\"><\/div><\/div><\/div><div class=\"fusion-sep-clear\"><\/div><div class=\"fusion-separator fusion-full-width-sep sep-none\" style=\"border-color:#e0dede;margin-left: auto;margin-right: auto;margin-top:10px;margin-bottom:10px;\"><\/div>\n","protected":false},"excerpt":{"rendered":"","protected":false},"author":1,"featured_media":0,"parent":0,"menu_order":0,"comment_status":"open","ping_status":"open","template":"100-width.php","meta":[],"yoast_head":"<!-- This site is optimized with the Yoast SEO plugin v19.9 - https:\/\/yoast.com\/wordpress\/plugins\/seo\/ -->\n<title>Representations &amp; Certifications - Petrotech Group<\/title>\n<meta name=\"description\" content=\"Petrotech has recognized certifications and representations that ensure work and support for the country&#039;s oil industry.\" \/>\n<meta name=\"robots\" content=\"index, follow, max-snippet:-1, max-image-preview:large, max-video-preview:-1\" \/>\n<link rel=\"canonical\" href=\"https:\/\/petrotech-ecuador.com\/en\/representations-and-certifications\/\" \/>\n<meta property=\"og:locale\" content=\"en_US\" \/>\n<meta property=\"og:type\" content=\"article\" \/>\n<meta property=\"og:title\" content=\"Representations &amp; Certifications - Petrotech Group\" \/>\n<meta property=\"og:description\" content=\"Petrotech has recognized certifications and representations that ensure work and support for the country&#039;s oil industry.\" \/>\n<meta property=\"og:url\" content=\"https:\/\/petrotech-ecuador.com\/en\/representations-and-certifications\/\" \/>\n<meta property=\"og:site_name\" content=\"Petrotech Group\" \/>\n<meta property=\"article:modified_time\" content=\"2015-11-06T21:45:38+00:00\" \/>\n<meta property=\"og:image\" content=\"http:\/\/petrotech-ecuador.com\/wp-content\/uploads\/2015\/02\/odessa.png\" \/>\n<meta name=\"twitter:label1\" content=\"Est. reading time\" \/>\n\t<meta name=\"twitter:data1\" content=\"5 minutes\" \/>\n<script type=\"application\/ld+json\" class=\"yoast-schema-graph\">{\"@context\":\"https:\/\/schema.org\",\"@graph\":[{\"@type\":\"WebPage\",\"@id\":\"https:\/\/petrotech-ecuador.com\/en\/representations-and-certifications\/\",\"url\":\"https:\/\/petrotech-ecuador.com\/en\/representations-and-certifications\/\",\"name\":\"Representations & Certifications - Petrotech Group\",\"isPartOf\":{\"@id\":\"https:\/\/petrotech-ecuador.com\/#website\"},\"datePublished\":\"2015-02-17T17:26:31+00:00\",\"dateModified\":\"2015-11-06T21:45:38+00:00\",\"description\":\"Petrotech has recognized certifications and representations that ensure work and support for the country's oil industry.\",\"breadcrumb\":{\"@id\":\"https:\/\/petrotech-ecuador.com\/en\/representations-and-certifications\/#breadcrumb\"},\"inLanguage\":\"en-US\",\"potentialAction\":[{\"@type\":\"ReadAction\",\"target\":[\"https:\/\/petrotech-ecuador.com\/en\/representations-and-certifications\/\"]}]},{\"@type\":\"BreadcrumbList\",\"@id\":\"https:\/\/petrotech-ecuador.com\/en\/representations-and-certifications\/#breadcrumb\",\"itemListElement\":[{\"@type\":\"ListItem\",\"position\":1,\"name\":\"Portada\",\"item\":\"https:\/\/petrotech-ecuador.com\/en\/\"},{\"@type\":\"ListItem\",\"position\":2,\"name\":\"Representations &#038; Certifications\"}]},{\"@type\":\"WebSite\",\"@id\":\"https:\/\/petrotech-ecuador.com\/#website\",\"url\":\"https:\/\/petrotech-ecuador.com\/\",\"name\":\"Petrotech Group\",\"description\":\"M\u00e1s de dos d\u00e9cadas de experiencia\",\"publisher\":{\"@id\":\"https:\/\/petrotech-ecuador.com\/#organization\"},\"potentialAction\":[{\"@type\":\"SearchAction\",\"target\":{\"@type\":\"EntryPoint\",\"urlTemplate\":\"https:\/\/petrotech-ecuador.com\/?s={search_term_string}\"},\"query-input\":\"required name=search_term_string\"}],\"inLanguage\":\"en-US\"},{\"@type\":\"Organization\",\"@id\":\"https:\/\/petrotech-ecuador.com\/#organization\",\"name\":\"Petrotech Group\",\"url\":\"https:\/\/petrotech-ecuador.com\/\",\"logo\":{\"@type\":\"ImageObject\",\"inLanguage\":\"en-US\",\"@id\":\"https:\/\/petrotech-ecuador.com\/#\/schema\/logo\/image\/\",\"url\":\"https:\/\/petrotech-ecuador.com\/wp-content\/uploads\/2015\/02\/PetrotechAzulV.png\",\"contentUrl\":\"https:\/\/petrotech-ecuador.com\/wp-content\/uploads\/2015\/02\/PetrotechAzulV.png\",\"width\":241,\"height\":296,\"caption\":\"Petrotech Group\"},\"image\":{\"@id\":\"https:\/\/petrotech-ecuador.com\/#\/schema\/logo\/image\/\"}}]}<\/script>\n<!-- \/ Yoast SEO plugin. -->","yoast_head_json":{"title":"Representations & Certifications - Petrotech Group","description":"Petrotech has recognized certifications and representations that ensure work and support for the country's oil industry.","robots":{"index":"index","follow":"follow","max-snippet":"max-snippet:-1","max-image-preview":"max-image-preview:large","max-video-preview":"max-video-preview:-1"},"canonical":"https:\/\/petrotech-ecuador.com\/en\/representations-and-certifications\/","og_locale":"en_US","og_type":"article","og_title":"Representations & Certifications - Petrotech Group","og_description":"Petrotech has recognized certifications and representations that ensure work and support for the country's oil industry.","og_url":"https:\/\/petrotech-ecuador.com\/en\/representations-and-certifications\/","og_site_name":"Petrotech Group","article_modified_time":"2015-11-06T21:45:38+00:00","og_image":[{"url":"http:\/\/petrotech-ecuador.com\/wp-content\/uploads\/2015\/02\/odessa.png"}],"twitter_misc":{"Est. reading time":"5 minutes"},"schema":{"@context":"https:\/\/schema.org","@graph":[{"@type":"WebPage","@id":"https:\/\/petrotech-ecuador.com\/en\/representations-and-certifications\/","url":"https:\/\/petrotech-ecuador.com\/en\/representations-and-certifications\/","name":"Representations & Certifications - Petrotech Group","isPartOf":{"@id":"https:\/\/petrotech-ecuador.com\/#website"},"datePublished":"2015-02-17T17:26:31+00:00","dateModified":"2015-11-06T21:45:38+00:00","description":"Petrotech has recognized certifications and representations that ensure work and support for the country's oil industry.","breadcrumb":{"@id":"https:\/\/petrotech-ecuador.com\/en\/representations-and-certifications\/#breadcrumb"},"inLanguage":"en-US","potentialAction":[{"@type":"ReadAction","target":["https:\/\/petrotech-ecuador.com\/en\/representations-and-certifications\/"]}]},{"@type":"BreadcrumbList","@id":"https:\/\/petrotech-ecuador.com\/en\/representations-and-certifications\/#breadcrumb","itemListElement":[{"@type":"ListItem","position":1,"name":"Portada","item":"https:\/\/petrotech-ecuador.com\/en\/"},{"@type":"ListItem","position":2,"name":"Representations &#038; Certifications"}]},{"@type":"WebSite","@id":"https:\/\/petrotech-ecuador.com\/#website","url":"https:\/\/petrotech-ecuador.com\/","name":"Petrotech Group","description":"M\u00e1s de dos d\u00e9cadas de experiencia","publisher":{"@id":"https:\/\/petrotech-ecuador.com\/#organization"},"potentialAction":[{"@type":"SearchAction","target":{"@type":"EntryPoint","urlTemplate":"https:\/\/petrotech-ecuador.com\/?s={search_term_string}"},"query-input":"required name=search_term_string"}],"inLanguage":"en-US"},{"@type":"Organization","@id":"https:\/\/petrotech-ecuador.com\/#organization","name":"Petrotech Group","url":"https:\/\/petrotech-ecuador.com\/","logo":{"@type":"ImageObject","inLanguage":"en-US","@id":"https:\/\/petrotech-ecuador.com\/#\/schema\/logo\/image\/","url":"https:\/\/petrotech-ecuador.com\/wp-content\/uploads\/2015\/02\/PetrotechAzulV.png","contentUrl":"https:\/\/petrotech-ecuador.com\/wp-content\/uploads\/2015\/02\/PetrotechAzulV.png","width":241,"height":296,"caption":"Petrotech Group"},"image":{"@id":"https:\/\/petrotech-ecuador.com\/#\/schema\/logo\/image\/"}}]}},"_links":{"self":[{"href":"https:\/\/petrotech-ecuador.com\/en\/wp-json\/wp\/v2\/pages\/11743"}],"collection":[{"href":"https:\/\/petrotech-ecuador.com\/en\/wp-json\/wp\/v2\/pages"}],"about":[{"href":"https:\/\/petrotech-ecuador.com\/en\/wp-json\/wp\/v2\/types\/page"}],"author":[{"embeddable":true,"href":"https:\/\/petrotech-ecuador.com\/en\/wp-json\/wp\/v2\/users\/1"}],"replies":[{"embeddable":true,"href":"https:\/\/petrotech-ecuador.com\/en\/wp-json\/wp\/v2\/comments?post=11743"}],"version-history":[{"count":5,"href":"https:\/\/petrotech-ecuador.com\/en\/wp-json\/wp\/v2\/pages\/11743\/revisions"}],"predecessor-version":[{"id":11785,"href":"https:\/\/petrotech-ecuador.com\/en\/wp-json\/wp\/v2\/pages\/11743\/revisions\/11785"}],"wp:attachment":[{"href":"https:\/\/petrotech-ecuador.com\/en\/wp-json\/wp\/v2\/media?parent=11743"}],"curies":[{"name":"wp","href":"https:\/\/api.w.org\/{rel}","templated":true}]}}